{"id":115,"date":"2006-01-23T19:17:55","date_gmt":"2006-01-23T18:17:55","guid":{"rendered":"http:\/\/www.julia-emde.de\/inside\/weblog\/?page_id=115"},"modified":"2022-04-24T22:18:59","modified_gmt":"2022-04-24T21:18:59","slug":"uberdie-julia","status":"publish","type":"page","link":"https:\/\/www.julia-emde.de\/inside\/weblog\/uberdie-julia\/","title":{"rendered":"\u00dcber&#8230;"},"content":{"rendered":"<p><a href=\"https:\/\/www.julia-emde.de\/inside\/weblog\/wp-content\/uploads\/2006\/01\/Julia1.jpg\"><img loading=\"lazy\" decoding=\"async\" class=\"aligncenter size-full wp-image-4273\" src=\"https:\/\/www.julia-emde.de\/inside\/weblog\/wp-content\/uploads\/2006\/01\/Julia1.jpg\" alt=\"Julia\" width=\"640\" height=\"640\" srcset=\"https:\/\/www.julia-emde.de\/inside\/weblog\/wp-content\/uploads\/2006\/01\/Julia1.jpg 640w, https:\/\/www.julia-emde.de\/inside\/weblog\/wp-content\/uploads\/2006\/01\/Julia1-150x150.jpg 150w, https:\/\/www.julia-emde.de\/inside\/weblog\/wp-content\/uploads\/2006\/01\/Julia1-300x300.jpg 300w\" sizes=\"auto, (max-width: 640px) 100vw, 640px\" \/><\/a><\/p>\n<p><strong>Alter:<\/strong>\u00a040\u00a0<strong>wohnhaft:<\/strong> 59964 Medebach<\/p>\n<p><strong>Ich w\u00fcrde mich selbst als&#8230;<\/strong><\/p>\n<p>&#8211; humorvoll<\/p>\n<p>&#8211; ironisch<\/p>\n<p>&#8211; sarkastisch<\/p>\n<p>&#8211; freundlich<\/p>\n<p>&#8211; empathisch<\/p>\n<p>&#8211; belastbar<\/p>\n<p>&#8211; zuverl\u00e4ssig<\/p>\n<p>&#8211; flexibel<\/p>\n<p>&#8211; spontan<\/p>\n<p>&#8211; hilfsbereit<\/p>\n<p>&#8211; liebensw\u00fcrdig<\/p>\n<p>&#8211; liebesbed\u00fcrftig<\/p>\n<p>&#8211; schreibs\u00fcchtig<\/p>\n<p>&#8211; kreativ<\/p>\n<p>&#8211; phantasievoll<\/p>\n<p>&#8211; gl\u00fccklich<\/p>\n<p>&#8211; tolerant<\/p>\n<p><strong>&#8230; beschreiben<\/strong>.<\/p>\n<p><strong>Ich kann&#8230;<\/strong><\/p>\n<p>&#8211; andere Menschen zum Lachen bringen<\/p>\n<p>&#8211; stundenlang nichts machen und dabei die Ruhe genie\u00dfen<\/p>\n<p>&#8211; eigentlich ganz gut fotografieren&#8230; bilde ich mir zumindest ein<\/p>\n<p>&#8211; Geschichten erz\u00e4hlen ;)<\/p>\n<p><strong>Ich mag\/liebe&#8230;<\/strong><\/p>\n<p>&#8211; meine Familie<\/p>\n<p>&#8211; meine Katzenkinder (P\u00fcnktchen und Luke)<\/p>\n<p>&#8211; Musik<\/p>\n<p>&#8211; meine Freunde<\/p>\n<p>&#8211; das Meer<\/p>\n<p>&#8211; die Berge<\/p>\n<p>&#8211; die Sterne<\/p>\n<p>&#8211; Schokolade<\/p>\n<p>&#8211; Sonnenschein<\/p>\n<p>&#8211; Licht<\/p>\n<p>&#8211; den Morgen<\/p>\n<p>&#8211; gutes Essen<\/p>\n<p>&#8211; Kochen<\/p>\n<p>&#8211; B\u00fccher<\/p>\n<p>&#8211; Sport<\/p>\n<p>&#8211; Spazierg\u00e4nge<\/p>\n<p>&#8211; &#8220;Schneckenpost&#8221; verschicken und bekommen<\/p>\n<p><strong>Ich mag nicht&#8230;<\/strong><\/p>\n<p>&#8211; Dunkelheit<\/p>\n<p>&#8211; schlechtes Essen<\/p>\n<p>&#8211; Dauerregen<\/p>\n<p>&#8211; Sp\u00fclen<\/p>\n<p>&#8211; unfreundliche Menschen<\/p>\n<p>F\u00fcr den Fall, dass mir jemand eine Freude machen oder mich \u00fcberraschen m\u00f6chte&#8230; steht mein<a title=\"Amazon-Wunschzettel\" href=\"http:\/\/www.amazon.de\/gp\/registry\/297F4ML7IZDLK\" target=\"_blank\" rel=\"noopener noreferrer\"> Amazon-Wunschzettel<\/a> zur Pl\u00fcnderung zur Verf\u00fcgung. ;-)<\/p>\n","protected":false},"excerpt":{"rendered":"<p>Alter:\u00a040\u00a0wohnhaft: 59964 Medebach Ich w\u00fcrde mich selbst als&#8230; &#8211; humorvoll &#8211; ironisch &#8211; sarkastisch &#8211; freundlich &#8211; empathisch &#8211; belastbar &#8211; zuverl\u00e4ssig &#8211; flexibel &#8211; spontan &#8211; hilfsbereit &#8211; liebensw\u00fcrdig &#8211; liebesbed\u00fcrftig &#8211; schreibs\u00fcchtig &#8211; kreativ &#8211; phantasievoll &#8211; gl\u00fccklich &#8211; tolerant &#8230; beschreiben. Ich kann&#8230; &#8211; andere Menschen zum Lachen bringen &#8211; stundenlang nichts [&hellip;]<\/p>\n","protected":false},"author":1,"featured_media":0,"parent":0,"menu_order":0,"comment_status":"closed","ping_status":"closed","template":"","meta":{"footnotes":""},"class_list":["post-115","page","type-page","status-publish","hentry"],"_links":{"self":[{"href":"https:\/\/www.julia-emde.de\/inside\/weblog\/wp-json\/wp\/v2\/pages\/115","targetHints":{"allow":["GET"]}}],"collection":[{"href":"https:\/\/www.julia-emde.de\/inside\/weblog\/wp-json\/wp\/v2\/pages"}],"about":[{"href":"https:\/\/www.julia-emde.de\/inside\/weblog\/wp-json\/wp\/v2\/types\/page"}],"author":[{"embeddable":true,"href":"https:\/\/www.julia-emde.de\/inside\/weblog\/wp-json\/wp\/v2\/users\/1"}],"replies":[{"embeddable":true,"href":"https:\/\/www.julia-emde.de\/inside\/weblog\/wp-json\/wp\/v2\/comments?post=115"}],"version-history":[{"count":22,"href":"https:\/\/www.julia-emde.de\/inside\/weblog\/wp-json\/wp\/v2\/pages\/115\/revisions"}],"predecessor-version":[{"id":5881,"href":"https:\/\/www.julia-emde.de\/inside\/weblog\/wp-json\/wp\/v2\/pages\/115\/revisions\/5881"}],"wp:attachment":[{"href":"https:\/\/www.julia-emde.de\/inside\/weblog\/wp-json\/wp\/v2\/media?parent=115"}],"curies":[{"name":"wp","href":"https:\/\/api.w.org\/{rel}","templated":true}]}}